{"id":802,"date":"2024-10-13T00:44:38","date_gmt":"2024-10-12T23:44:38","guid":{"rendered":"https:\/\/schweiz.media\/?page_id=802"},"modified":"2024-10-13T00:44:38","modified_gmt":"2024-10-12T23:44:38","slug":"beobachter","status":"publish","type":"page","link":"https:\/\/schweiz.media\/index.php\/beobachter\/","title":{"rendered":"Beobachter"},"content":{"rendered":"<div class=\"feedzy-e947224855805a55074abe745f7c49e7 feedzy-rss\"><div class=\"rss_header\"><h2><a href=\"https:\/\/www.beobachter.ch\/rss_feed\" class=\"rss_title\" rel=\"noopener\">Beobachter<\/a> <span class=\"rss_description\"> Wissen, was wichtig ist: Was sind die neusten Abzocker-Tricks? Welchen Firmen und Politikern muss man genau auf die Finger schauen? Hier erfahren Sie es.<\/span><\/h2><\/div><ul><li  style=\"padding: 15px 0 25px\" class=\"rss_item\"><div class=\"rss_image\" style=\"height:150px;width:150px;\"><a href=\"https:\/\/www.beobachter.ch\/gesellschaft\/werte\/den-jungen-macht-die-zukunft-sorgen-922821\" target=\"_blank\" rel=\" noopener\" title=\"Den Jungen macht die Zukunft Sorgen\" style=\"height:150px;width:150px;\"><img decoding=\"async\" src=\"https:\/\/www.beobachter.ch\/fp\/1200\/675\/960\/826\/sites\/default\/files\/web_hero_g-baro_der_generationengraben_quadrat.jpg\" title=\"Den Jungen macht die Zukunft Sorgen\" style=\"height:150px;width:150px;\"><\/a><\/div><span class=\"title\"><a href=\"https:\/\/www.beobachter.ch\/gesellschaft\/werte\/den-jungen-macht-die-zukunft-sorgen-922821\" target=\"_blank\" rel=\" noopener\">Den Jungen macht die Zukunft Sorgen<\/a><\/span><div class=\"rss_content\" style=\"\"><small>by <a href=\"\/\/www.beobachter.ch\" target=\"_blank\" title=\"www.beobachter.ch\">Daniel Benz, Jasmine Helbling<\/a> on May 15, 2026 at 11:24 am <\/small><p>Das Gesetz, dass es Kindern einmal besser geht als den Eltern, gilt nicht mehr. W\u00e4hrend Junge um Klima und Kaufkraft bangen, sorgen sich \u00c4ltere um Ordnung \u2013 auch hier geht ein Riss durch die Schweiz.<\/p><\/div><\/li><li  style=\"padding: 15px 0 25px\" class=\"rss_item\"><div class=\"rss_image\" style=\"height:150px;width:150px;\"><a href=\"https:\/\/www.beobachter.ch\/arbeit-bildung\/warum-ein-kita-essen-mehr-als-nur-eine-mahlzeit-ist-936600\" target=\"_blank\" rel=\" noopener\" title=\"Warum ein Kita-Essen mehr als nur eine Mahlzeit ist\" style=\"height:150px;width:150px;\"><img decoding=\"async\" src=\"https:\/\/www.beobachter.ch\/fp\/1200\/675\/653\/756\/sites\/default\/files\/kita-mittagstisch-mahlzeit-schweiz.jpg\" title=\"Warum ein Kita-Essen mehr als nur eine Mahlzeit ist\" style=\"height:150px;width:150px;\"><\/a><\/div><span class=\"title\"><a href=\"https:\/\/www.beobachter.ch\/arbeit-bildung\/warum-ein-kita-essen-mehr-als-nur-eine-mahlzeit-ist-936600\" target=\"_blank\" rel=\" noopener\">Warum ein Kita-Essen mehr als nur eine Mahlzeit ist<\/a><\/span><div class=\"rss_content\" style=\"\"><small>by <a href=\"\/\/www.beobachter.ch\" target=\"_blank\" title=\"www.beobachter.ch\">\u00dctopya Kara<\/a> on May 15, 2026 at 11:17 am <\/small><p>90 Franken f\u00fcr den Mittagstisch von drei Kindern: Mit dem Geld k\u00f6nne man in Luzern gut ausw\u00e4rts zu Mittag essen, hiess es in einem Beobachter-Newsletter. Eine Leserin kritisiert das. Wie sehen Sie das? Diskutieren Sie mit.<\/p><\/div><\/li><li  style=\"padding: 15px 0 25px\" class=\"rss_item\"><div class=\"rss_image\" style=\"height:150px;width:150px;\"><a href=\"https:\/\/www.beobachter.ch\/konsum\/konsumentenschutz\/verunreinigte-rauchmockli-bei-aldi-895104\" target=\"_blank\" rel=\" noopener\" title=\"Verunreinigte Rauchm\u00f6ckli bei Aldi\" style=\"height:150px;width:150px;\"><img decoding=\"async\" src=\"https:\/\/www.beobachter.ch\/fp\/1200\/675\/1500\/844\/sites\/default\/files\/media\/field_image\/2024-10\/beobachter-warnliste-2026.jpg\" title=\"Verunreinigte Rauchm\u00f6ckli bei Aldi\" style=\"height:150px;width:150px;\"><\/a><\/div><span class=\"title\"><a href=\"https:\/\/www.beobachter.ch\/konsum\/konsumentenschutz\/verunreinigte-rauchmockli-bei-aldi-895104\" target=\"_blank\" rel=\" noopener\">Verunreinigte Rauchm\u00f6ckli bei Aldi<\/a><\/span><div class=\"rss_content\" style=\"\"><small>by <a href=\"\/\/www.beobachter.ch\" target=\"_blank\" title=\"www.beobachter.ch\">Beobachter-Redaktion<\/a> on May 15, 2026 at 10:46 am <\/small><p>Erfahren Sie hier laufend aktualisiert, wo Gefahren f\u00fcr Konsumentinnen und Konsumenten lauern und auf welche Betrugsmaschen Sie nicht hereinfallen sollten.<\/p><\/div><\/li><li  style=\"padding: 15px 0 25px\" class=\"rss_item\"><div class=\"rss_image\" style=\"height:150px;width:150px;\"><a href=\"https:\/\/www.beobachter.ch\/gesundheit\/augenarzte-treiben-kosten-mit-termin-splitting-hoch-932817\" target=\"_blank\" rel=\" noopener\" title=\"Augen\u00e4rzte treiben Kosten mit Termin-Splitting hoch\" style=\"height:150px;width:150px;\"><img decoding=\"async\" src=\"https:\/\/www.beobachter.ch\/fp\/1200\/675\/960\/540\/sites\/default\/files\/tarifsenkungen-augenaerzte-rechnungen.jpg\" title=\"Augen\u00e4rzte treiben Kosten mit Termin-Splitting hoch\" style=\"height:150px;width:150px;\"><\/a><\/div><span class=\"title\"><a href=\"https:\/\/www.beobachter.ch\/gesundheit\/augenarzte-treiben-kosten-mit-termin-splitting-hoch-932817\" target=\"_blank\" rel=\" noopener\">Augen\u00e4rzte treiben Kosten mit Termin-Splitting hoch<\/a><\/span><div class=\"rss_content\" style=\"\"><small>by <a href=\"\/\/www.beobachter.ch\" target=\"_blank\" title=\"www.beobachter.ch\">Yves Demuth<\/a> on May 15, 2026 at 10:05 am <\/small><p>Der Bundesrat w\u00fcnscht sich bei Spezialisten \u00abVerdienstausf\u00e4lle\u00bb. Doch das Beispiel einer Patientin zeigt: Findige \u00c4rzte k\u00f6nnen das aushebeln.<\/p><\/div><\/li><li  style=\"padding: 15px 0 25px\" class=\"rss_item\"><div class=\"rss_image\" style=\"height:150px;width:150px;\"><a href=\"https:\/\/www.beobachter.ch\/gesundheit\/6-pilates-ubungen-fur-einen-starken-rucken-935388\" target=\"_blank\" rel=\" noopener\" title=\"6 Pilates-\u00dcbungen f\u00fcr einen starken R\u00fccken\" style=\"height:150px;width:150px;\"><img decoding=\"async\" src=\"https:\/\/www.beobachter.ch\/fp\/1200\/675\/557\/767\/sites\/default\/files\/pilates-rueckenschmerzen-buero.jpg\" title=\"6 Pilates-\u00dcbungen f\u00fcr einen starken R\u00fccken\" style=\"height:150px;width:150px;\"><\/a><\/div><span class=\"title\"><a href=\"https:\/\/www.beobachter.ch\/gesundheit\/6-pilates-ubungen-fur-einen-starken-rucken-935388\" target=\"_blank\" rel=\" noopener\">6 Pilates-\u00dcbungen f\u00fcr einen starken R\u00fccken<\/a><\/span><div class=\"rss_content\" style=\"\"><small>by <a href=\"\/\/www.beobachter.ch\" target=\"_blank\" title=\"www.beobachter.ch\">Susanne Wagner<\/a> on May 15, 2026 at 9:58 am <\/small><p>Gute Neuigkeiten: Schon zehn Minuten Training pro Tag reichen, um die Bauch- und R\u00fcckenmuskulatur zu st\u00e4rken und sich vor R\u00fcckenschmerzen zu sch\u00fctzen.<\/p><\/div><\/li><\/ul> <\/div><style type=\"text\/css\" media=\"all\">.feedzy-rss .rss_item .rss_image{float:left;position:relative;border:none;text-decoration:none;max-width:100%}.feedzy-rss .rss_item .rss_image span{display:inline-block;position:absolute;width:100%;height:100%;background-position:50%;background-size:cover}.feedzy-rss .rss_item .rss_image{margin:.3em 1em 0 0;content-visibility:auto}.feedzy-rss ul{list-style:none}.feedzy-rss ul li{display:inline-block}<\/style>","protected":false},"excerpt":{"rendered":"","protected":false},"author":1,"featured_media":0,"parent":0,"menu_order":0,"comment_status":"closed","ping_status":"closed","template":"","meta":{"_gspb_post_css":"","om_disable_all_campaigns":false,"_eb_attr":"","_monsterinsights_skip_tracking":false,"_monsterinsights_sitenote_active":false,"_monsterinsights_sitenote_note":"","_monsterinsights_sitenote_category":0,"footnotes":""},"class_list":["post-802","page","type-page","status-publish","hentry"],"aioseo_notices":[],"_links":{"self":[{"href":"https:\/\/schweiz.media\/index.php\/wp-json\/wp\/v2\/pages\/802","targetHints":{"allow":["GET"]}}],"collection":[{"href":"https:\/\/schweiz.media\/index.php\/wp-json\/wp\/v2\/pages"}],"about":[{"href":"https:\/\/schweiz.media\/index.php\/wp-json\/wp\/v2\/types\/page"}],"author":[{"embeddable":true,"href":"https:\/\/schweiz.media\/index.php\/wp-json\/wp\/v2\/users\/1"}],"replies":[{"embeddable":true,"href":"https:\/\/schweiz.media\/index.php\/wp-json\/wp\/v2\/comments?post=802"}],"version-history":[{"count":1,"href":"https:\/\/schweiz.media\/index.php\/wp-json\/wp\/v2\/pages\/802\/revisions"}],"predecessor-version":[{"id":803,"href":"https:\/\/schweiz.media\/index.php\/wp-json\/wp\/v2\/pages\/802\/revisions\/803"}],"wp:attachment":[{"href":"https:\/\/schweiz.media\/index.php\/wp-json\/wp\/v2\/media?parent=802"}],"curies":[{"name":"wp","href":"https:\/\/api.w.org\/{rel}","templated":true}]}}