{"id":760,"date":"2022-12-20T16:14:37","date_gmt":"2022-12-20T16:14:37","guid":{"rendered":"http:\/\/schweiz.media\/?page_id=760"},"modified":"2022-12-20T16:14:38","modified_gmt":"2022-12-20T16:14:38","slug":"kraftorte","status":"publish","type":"page","link":"https:\/\/schweiz.media\/index.php\/kraftorte\/","title":{"rendered":"Kraftorte"},"content":{"rendered":"<div class=\"feedzy-83fe49b1dbbe8d1ae2f33b11d97889ae feedzy-rss\"><div class=\"rss_header\"><h2><a href=\"https:\/\/magic-places.ch\/\" class=\"rss_title\" rel=\"noopener\">Magic Places of Switzerland \u2013 Ein Verzeichnis von Kraftorten<\/a> <span class=\"rss_description\"> Magic Guide of Switzerland<\/span><\/h2><\/div><ul><li  style=\"padding: 15px 0 25px\" class=\"rss_item\"><span class=\"title\"><a href=\"https:\/\/magic-places.ch\/das-zisterzienserkloster-st-urban\/\" target=\"_blank\" rel=\" noopener\">Das Zisterzienserkloster St. Urban<\/a><\/span><div class=\"rss_content\" style=\"\"><small>by <a href=\"\/\/magic-places.ch\" target=\"_blank\" title=\"magic-places.ch\">falki<\/a> on April 29, 2019 at 12:33 pm <\/small><p>Immer eine Reise wert &#8211; Das Zisterzienserkloster St. Urban Historisches Wissen \u00fcber das Kloster St. Urban Der Bau und die Gr\u00fcndung des Klosters fanden im Jahr 1194 durch die Freiherren von Langenstein in Luzern in der Schweiz statt. Bereits Ende des 13. Jahrhundert konnten die dort ans\u00e4ssigen Zisterzienser M\u00f6nche gen\u00fcgend verzierte Backsteine in Eigenarbeit produzieren  [&#8230;]\nDer Beitrag Das Zisterzienserkloster St. Urban erschien zuerst auf Magic Places of Switzerland &#8211; Ein Verzeichnis von Kraftorten.<\/p><\/div><\/li><li  style=\"padding: 15px 0 25px\" class=\"rss_item\"><span class=\"title\"><a href=\"https:\/\/magic-places.ch\/reise-blog-awards-2017\/\" target=\"_blank\" rel=\" noopener\">Reise Blog Awards 2017<\/a><\/span><div class=\"rss_content\" style=\"\"><small>by <a href=\"\/\/magic-places.ch\" target=\"_blank\" title=\"magic-places.ch\">falki<\/a> on January 25, 2017 at 7:46 am <\/small><p>Wir freuen uns sehr, dass Magic Places f\u00fcr die Reise Blog Awards 2017 nominiert wurde! Herzlichen Dank f\u00fcr Deine Stimme! \ud83d\ude09\nDer Beitrag Reise Blog Awards 2017 erschien zuerst auf Magic Places of Switzerland &#8211; Ein Verzeichnis von Kraftorten.<\/p><\/div><\/li><li  style=\"padding: 15px 0 25px\" class=\"rss_item\"><span class=\"title\"><a href=\"https:\/\/magic-places.ch\/kloster-fischingen\/\" target=\"_blank\" rel=\" noopener\">Kloster Fischingen \u2013 Ein Ort der Kraft im Kanton Thurgau<\/a><\/span><div class=\"rss_content\" style=\"\"><small>by <a href=\"\/\/magic-places.ch\" target=\"_blank\" title=\"magic-places.ch\">falki<\/a> on December 17, 2015 at 8:18 am <\/small><p>Das Kloster Fischingen &#8211; Ein alter Kraftort im Kanton Thurgau \u00a0 Im Kanton Thurgau, im Bezirk M\u00fcnchwilen, befindet sich die kleine, gem\u00fctliche Gemeinde Fischingen. Diese ist nicht nur als s\u00fcdlichste Ortschaft des Kantons bekannt, sondern vor allem als St\u00e4tte vom Kloster Fischingen. Diese Sehensw\u00fcrdigkeit ist aus verschiedenen Gr\u00fcnden f\u00fcr Besucher lohnenswert. Gr\u00fcndung und Bl\u00fctezeit des  [&#8230;]\nDer Beitrag Kloster Fischingen \u2013 Ein Ort der Kraft im Kanton Thurgau erschien zuerst auf Magic Places of Switzerland &#8211; Ein Verzeichnis von Kraftorten.<\/p><\/div><\/li><li  style=\"padding: 15px 0 25px\" class=\"rss_item\"><span class=\"title\"><a href=\"https:\/\/magic-places.ch\/kloster-rueeggisberg-geheimtipp-im-gantrischgebiet\/\" target=\"_blank\" rel=\" noopener\">Kloster R\u00fceggisberg \u2013 Geheimtipp im Gantrischgebiet<\/a><\/span><div class=\"rss_content\" style=\"\"><small>by <a href=\"\/\/magic-places.ch\" target=\"_blank\" title=\"magic-places.ch\">falki<\/a> on August 15, 2015 at 11:31 am <\/small><p>Das Kloster R\u00fceggisberg &#8211; Ein Ort der Kraft und der Stille Weit schweift der Blick vom Kloster R\u00fceggisberg ins Land zu den beeindruckenden Gipfeln des Gantrischmassivs. \u201eDieser Platz hat eine magische Ausstrahlung\u201c, schw\u00e4rmt Charlotte. \u201eDie Ruine ist ein richtiger Kraftort.\u201c An ihrem Rucksack baumelt die Jakobsmuschel, das Erkennungszeichen der Pilger, die auf dem Weg nach  [&#8230;]\nDer Beitrag Kloster R\u00fceggisberg \u2013 Geheimtipp im Gantrischgebiet erschien zuerst auf Magic Places of Switzerland &#8211; Ein Verzeichnis von Kraftorten.<\/p><\/div><\/li><li  style=\"padding: 15px 0 25px\" class=\"rss_item\"><span class=\"title\"><a href=\"https:\/\/magic-places.ch\/schloss-a-pro\/\" target=\"_blank\" rel=\" noopener\">Schloss A Pro \u2013 Kulinarischer Hochgenuss am Kraftort<\/a><\/span><div class=\"rss_content\" style=\"\"><small>by <a href=\"\/\/magic-places.ch\" target=\"_blank\" title=\"magic-places.ch\">falki<\/a> on June 28, 2015 at 9:04 am <\/small><p>Schloss A Pro im Kanton Uri Das prachtvolle Schloss A Pro erscheint in seiner Optik wie eine klassische Burganlage. Das Bauwerk ist von einer eleganten Mauer umgeben, der Hof grossteils gepflastert. Das Schl\u00f6sschen im Schweizer Kanton Uri stammt aus dem Jahr 1556. Seine urspr\u00fcnglichen Besitzer, adelige Ritter, waren mit Wein- und Kornhandel zu Reichtum gekommen,  [&#8230;]\nDer Beitrag Schloss A Pro \u2013 Kulinarischer Hochgenuss am Kraftort erschien zuerst auf Magic Places of Switzerland &#8211; Ein Verzeichnis von Kraftorten.<\/p><\/div><\/li><\/ul> <\/div><style type=\"text\/css\" media=\"all\">.feedzy-rss .rss_item .rss_image{float:left;position:relative;border:none;text-decoration:none;max-width:100%}.feedzy-rss .rss_item .rss_image span{display:inline-block;position:absolute;width:100%;height:100%;background-position:50%;background-size:cover}.feedzy-rss .rss_item .rss_image{margin:.3em 1em 0 0;content-visibility:auto}.feedzy-rss ul{list-style:none}.feedzy-rss ul li{display:inline-block}<\/style>","protected":false},"excerpt":{"rendered":"","protected":false},"author":1,"featured_media":0,"parent":0,"menu_order":0,"comment_status":"closed","ping_status":"closed","template":"","meta":{"_gspb_post_css":"","om_disable_all_campaigns":false,"_eb_attr":"","_monsterinsights_skip_tracking":false,"_monsterinsights_sitenote_active":false,"_monsterinsights_sitenote_note":"","_monsterinsights_sitenote_category":0,"footnotes":""},"class_list":["post-760","page","type-page","status-publish","hentry"],"aioseo_notices":[],"_links":{"self":[{"href":"https:\/\/schweiz.media\/index.php\/wp-json\/wp\/v2\/pages\/760","targetHints":{"allow":["GET"]}}],"collection":[{"href":"https:\/\/schweiz.media\/index.php\/wp-json\/wp\/v2\/pages"}],"about":[{"href":"https:\/\/schweiz.media\/index.php\/wp-json\/wp\/v2\/types\/page"}],"author":[{"embeddable":true,"href":"https:\/\/schweiz.media\/index.php\/wp-json\/wp\/v2\/users\/1"}],"replies":[{"embeddable":true,"href":"https:\/\/schweiz.media\/index.php\/wp-json\/wp\/v2\/comments?post=760"}],"version-history":[{"count":2,"href":"https:\/\/schweiz.media\/index.php\/wp-json\/wp\/v2\/pages\/760\/revisions"}],"predecessor-version":[{"id":828,"href":"https:\/\/schweiz.media\/index.php\/wp-json\/wp\/v2\/pages\/760\/revisions\/828"}],"wp:attachment":[{"href":"https:\/\/schweiz.media\/index.php\/wp-json\/wp\/v2\/media?parent=760"}],"curies":[{"name":"wp","href":"https:\/\/api.w.org\/{rel}","templated":true}]}}