{"id":535,"date":"2022-12-11T22:11:27","date_gmt":"2022-12-11T22:11:27","guid":{"rendered":"http:\/\/schweiz.media\/?page_id=535"},"modified":"2022-12-11T22:11:28","modified_gmt":"2022-12-11T22:11:28","slug":"swiss-parliament","status":"publish","type":"page","link":"https:\/\/schweiz.media\/index.php\/swiss-parliament\/","title":{"rendered":"Swiss Parliament"},"content":{"rendered":"<div class=\"feedzy-cd9cfc9b61326f5c256792b9fcf4dd9c feedzy-rss\"><div class=\"rss_header\"><h2><a href=\"https:\/\/www.parlament.ch\/\" class=\"rss_title\" rel=\"noopener\">News Feed<\/a> <span class=\"rss_description\"> Newsfeed Description<\/span><\/h2><\/div><ul><li  style=\"padding: 15px 0 25px\" class=\"rss_item\"><span class=\"title\"><a href=\"https:\/\/www.parlament.ch\/press-releases\/Pages\/mm-fk-n-2026-05-13.aspx\" target=\"_blank\" rel=\" noopener\">PRESS RELEASE FC-N D\u00e9senchev\u00eatrement 27 : la CdF-N d\u00e9\u00e7ue par l\u2019avancement des travaux<\/a><\/span><div class=\"rss_content\" style=\"\"><small>on May 13, 2026 at 7:45 am <\/small><p>Lors de sa derni\u00e8re s\u00e9ance, la Commission des finances du Conseil national (CdF-N) a pris connaissance du rapport interm\u00e9diaire du projet \u00ab D\u00e9senchev\u00eatrement 27 \u00bb, publi\u00e9 fin avril par l\u2019Administration f\u00e9d\u00e9rale des finances (AFF) et la Conf\u00e9rence des gouvernements cantonaux (CdC). Ce rapport&#8230;<\/p><\/div><\/li><li  style=\"padding: 15px 0 25px\" class=\"rss_item\"><span class=\"title\"><a href=\"https:\/\/www.parlament.ch\/press-releases\/Pages\/mm-int-2026-05-12.aspx\" target=\"_blank\" rel=\" noopener\">VISITS FROM ABROAD President of the Assembly of the Republic of North Macedonia pays visit to Bern<\/a><\/span><div class=\"rss_content\" style=\"\"><small>on May 12, 2026 at 10:20 am <\/small><p>On 11 May National Council president Pierre-Andr\u00e9 Page met with the president of the Assembly of the Republic of North Macedonia, Afrim Gashi, who was accompanied on his visit to Switzerland by a parliamentary delegation as part of the \u2018Mountain Talks\u2019, a political dialogue supported by Swiss&#8230;<\/p><\/div><\/li><li  style=\"padding: 15px 0 25px\" class=\"rss_item\"><span class=\"title\"><a href=\"https:\/\/www.parlament.ch\/press-releases\/Pages\/mm-sgk-n-2026-05-08.aspx\" target=\"_blank\" rel=\" noopener\">PRESS RELEASE SSHC-NR Dossier \u00e9lectronique de sant\u00e9 : les cantons doivent se mettre d\u2019accord sur une communaut\u00e9<\/a><\/span><div class=\"rss_content\" style=\"\"><small>on May 8, 2026 at 12:00 pm <\/small><p>Le dossier \u00e9lectronique de sant\u00e9 (DES) doit \u00eatre g\u00e9r\u00e9 par une seule communaut\u00e9 mandat\u00e9e par les cantons. La Commission de la s\u00e9curit\u00e9 sociale et de la sant\u00e9 publique du Conseil national (CSSS-N) souhaite ainsi garantir une introduction rapide et une exploitation simplifi\u00e9e du DES. Par ailleurs,&#8230;<\/p><\/div><\/li><li  style=\"padding: 15px 0 25px\" class=\"rss_item\"><span class=\"title\"><a href=\"https:\/\/www.parlament.ch\/press-releases\/Pages\/mm-rk-n-2026-05-08.aspx\" target=\"_blank\" rel=\" noopener\">PRESS RELEASE LAC-N Pour un renforcement de la cr\u00e9dibilit\u00e9 de la justice<\/a><\/span><div class=\"rss_content\" style=\"\"><small>on May 8, 2026 at 11:10 am <\/small><p>La Commission des affaires juridiques du Conseil national (CAJ-N) s\u2019est pench\u00e9e sur plusieurs objets relatifs \u00e0 l\u2019organisation judiciaire. Elle s\u2019est en particulier prononc\u00e9e en faveur de l\u2019introduction d\u2019un syst\u00e8me disciplinaire pour les juges des tribunaux f\u00e9d\u00e9raux.<\/p><\/div><\/li><li  style=\"padding: 15px 0 25px\" class=\"rss_item\"><span class=\"title\"><a href=\"https:\/\/www.parlament.ch\/press-releases\/Pages\/mm-urek-s-2026-05-08.aspx\" target=\"_blank\" rel=\" noopener\">PRESS RELEASE ESPEC-S Un engagement clair en faveur d\u2019un d\u00e9veloppement plus rapide du r\u00e9seau \u00e9lectrique<\/a><\/span><div class=\"rss_content\" style=\"\"><small>on May 8, 2026 at 10:45 am <\/small><p>La Commission de l\u2019\u00e9nergie du Conseil des \u00c9tats a clairement adopt\u00e9, par 11 voix contre 0 et 2 abstentions, une r\u00e9vision de la loi visant \u00e0 acc\u00e9l\u00e9rer les proc\u00e9dures d\u2019extension et de renouvellement du r\u00e9seau \u00e9lectrique. Elle a mis un nouvel accent sur certains points, notamment en ce qui&#8230;<\/p><\/div><\/li><\/ul> <\/div><style type=\"text\/css\" media=\"all\">.feedzy-rss .rss_item .rss_image{float:left;position:relative;border:none;text-decoration:none;max-width:100%}.feedzy-rss .rss_item .rss_image span{display:inline-block;position:absolute;width:100%;height:100%;background-position:50%;background-size:cover}.feedzy-rss .rss_item .rss_image{margin:.3em 1em 0 0;content-visibility:auto}.feedzy-rss ul{list-style:none}.feedzy-rss ul li{display:inline-block}<\/style>","protected":false},"excerpt":{"rendered":"","protected":false},"author":1,"featured_media":0,"parent":0,"menu_order":0,"comment_status":"closed","ping_status":"closed","template":"","meta":{"_gspb_post_css":"","om_disable_all_campaigns":false,"_eb_attr":"","_monsterinsights_skip_tracking":false,"_monsterinsights_sitenote_active":false,"_monsterinsights_sitenote_note":"","_monsterinsights_sitenote_category":0,"footnotes":""},"class_list":["post-535","page","type-page","status-publish","hentry"],"aioseo_notices":[],"_links":{"self":[{"href":"https:\/\/schweiz.media\/index.php\/wp-json\/wp\/v2\/pages\/535","targetHints":{"allow":["GET"]}}],"collection":[{"href":"https:\/\/schweiz.media\/index.php\/wp-json\/wp\/v2\/pages"}],"about":[{"href":"https:\/\/schweiz.media\/index.php\/wp-json\/wp\/v2\/types\/page"}],"author":[{"embeddable":true,"href":"https:\/\/schweiz.media\/index.php\/wp-json\/wp\/v2\/users\/1"}],"replies":[{"embeddable":true,"href":"https:\/\/schweiz.media\/index.php\/wp-json\/wp\/v2\/comments?post=535"}],"version-history":[{"count":1,"href":"https:\/\/schweiz.media\/index.php\/wp-json\/wp\/v2\/pages\/535\/revisions"}],"predecessor-version":[{"id":536,"href":"https:\/\/schweiz.media\/index.php\/wp-json\/wp\/v2\/pages\/535\/revisions\/536"}],"wp:attachment":[{"href":"https:\/\/schweiz.media\/index.php\/wp-json\/wp\/v2\/media?parent=535"}],"curies":[{"name":"wp","href":"https:\/\/api.w.org\/{rel}","templated":true}]}}