{"id":530,"date":"2022-12-11T21:40:13","date_gmt":"2022-12-11T21:40:13","guid":{"rendered":"http:\/\/schweiz.media\/?page_id=530"},"modified":"2022-12-14T15:15:37","modified_gmt":"2022-12-14T15:15:37","slug":"medienmitteilung-bund","status":"publish","type":"page","link":"https:\/\/schweiz.media\/index.php\/medienmitteilung-bund\/","title":{"rendered":"Medienmitteilung Bund"},"content":{"rendered":"<div class=\"feedzy-7bf82c61dc81dd3c9bb0117c601f5419 feedzy-rss\"><div class=\"rss_header\"><h2><a href=\"http:\/\/d-nsbc-p.admin.ch\/NSBSubscriber\/\" class=\"rss_title\" rel=\"noopener\">News Service Bund<\/a> <span class=\"rss_description\"> <\/span><\/h2><\/div><ul><li  style=\"padding: 15px 0 25px\" class=\"rss_item\"><span class=\"title\"><a href=\"https:\/\/www.admin.ch\/de\/newnsb\/NpqqOIqqMGr1I3W7ngh8Z\" target=\"_blank\" rel=\" noopener\">Bundespr\u00e4sident Parmelin trifft deutschen Bundeskanzler Merz in Berlin<\/a><\/span><div class=\"rss_content\" style=\"\"><small>by <a href=\"\/\/www.admin.ch\" target=\"_blank\" title=\"www.admin.ch\">Der Schweizerische Bundesrat<\/a> on May 15, 2026 at 12:00 am <\/small><p>Bundespr\u00e4sident Guy Parmelin reist kommende Woche f\u00fcr ein Gespr\u00e4ch mit dem deutschen Bundeskanzler Friedrich Merz nach Berlin. Im Mittelpunkt des Pr\u00e4sidialbesuchs am Dienstag, 19. Mai 2026 stehen die bilateralen Beziehungen, insbesondere in Fragen der Wirtschaft und der Innovation, sowie die Europapolitik.<\/p><\/div><\/li><li  style=\"padding: 15px 0 25px\" class=\"rss_item\"><span class=\"title\"><a href=\"https:\/\/www.admin.ch\/de\/newnsb\/tbG01i1rpkppLq1Llk9ko\" target=\"_blank\" rel=\" noopener\">Die Armee trainiert in Frankreich<\/a><\/span><div class=\"rss_content\" style=\"\"><small>by <a href=\"\/\/www.admin.ch\" target=\"_blank\" title=\"www.admin.ch\">Gruppe Verteidigung<\/a> on May 15, 2026 at 12:00 am <\/small><p>Vom 15. bis 22. Mai 2026 trainieren Angeh\u00f6rige der Schweizer Armee mit einem Schweizer Helikopter des Typs Cougar in Solenzara (FRA) das Schiessen auf fliegende Ziele. Dabei werden auch entsprechende Einsatzverfahren \u00fcberpr\u00fcft. Das Training bietet der Schweizer Armee die M\u00f6glichkeit, sich mit ausl\u00e4ndischen Partnern abzugleichen und die internationale Zusammenarbeit zu st\u00e4rken.<\/p><\/div><\/li><li  style=\"padding: 15px 0 25px\" class=\"rss_item\"><span class=\"title\"><a href=\"https:\/\/www.admin.ch\/de\/newnsb\/_AfgjlokK6PpCb90eqaJS\" target=\"_blank\" rel=\" noopener\">Nationale Erkl\u00e4rung am 135. Ministertreffen des Europarats (fr)<\/a><\/span><div class=\"rss_content\" style=\"\"><small>by <a href=\"\/\/www.admin.ch\" target=\"_blank\" title=\"www.admin.ch\">Eidgen\u00f6ssisches Departement f\u00fcr ausw\u00e4rtige Angelegenheiten<\/a> on May 15, 2026 at 12:00 am <\/small><p>Rede von Bundesrat Ignazio Cassis, Vorsteher des Eidgen\u00f6ssischen Departements f\u00fcr ausw\u00e4rtige Angelegenheiten (EDA) anl\u00e4sslich des 135. Ministertreffens des Europarats in Chisinau (Moldau) \u2013 Es gilt das gesprochene Wort<\/p><\/div><\/li><li  style=\"padding: 15px 0 25px\" class=\"rss_item\"><span class=\"title\"><a href=\"https:\/\/www.admin.ch\/de\/newnsb\/-L7PdfPMHTgqLJyBqF5by\" target=\"_blank\" rel=\" noopener\">OSZE-Medienmitteilung: Die OSZE und der Europarat unterstreichen die Notwendigkeit eines wirksamen Multilateralismus<\/a><\/span><div class=\"rss_content\" style=\"\"><small>by <a href=\"\/\/www.admin.ch\" target=\"_blank\" title=\"www.admin.ch\">Eidgen\u00f6ssisches Departement f\u00fcr ausw\u00e4rtige Angelegenheiten<\/a> on May 14, 2026 at 12:00 am <\/small><p>Am 14. Mai 2026 trafen sich in Chisinau der amtierende OSZE-Vorsitzende, Bundesrat Ignazio Cassis, der Vorsitzende des Ministerkomitees des Europarats, Mihai Pop\u0219oi, der Generalsekret\u00e4r der OSZE, Feridun H. Sinirlio\u011flu, und der Generalsekret\u00e4r des Europarates, Alain Berset. Die F\u00f6rderung eines wirksamen Multilateralismus und die Nutzung der jeweiligen und sich erg\u00e4nzenden St\u00e4rken der beiden Organisationen standen im Mittelpunkt der Gespr\u00e4che.<\/p><\/div><\/li><li  style=\"padding: 15px 0 25px\" class=\"rss_item\"><span class=\"title\"><a href=\"https:\/\/www.admin.ch\/de\/newnsb\/fp81eeRAKjHUrJgHU-p6v\" target=\"_blank\" rel=\" noopener\">\u00d6ffentliche Warnung: STEC in Rauchm\u00f6ckli, verkauft bei Aldi Suisse AG<\/a><\/span><div class=\"rss_content\" style=\"\"><small>by <a href=\"\/\/www.admin.ch\" target=\"_blank\" title=\"www.admin.ch\">Bundesamt f\u00fcr Lebensmittelsicherheit und Veterin\u00e4rwesen<\/a> on May 14, 2026 at 12:00 am <\/small><p>In Rauchm\u00f6ckli der Marke Alpina wurden STEC-Bakterien nachgewiesen. Eine Gesundheitsgef\u00e4hrdung kann nicht ausgeschlossen werden. Das Bundesamt f\u00fcr Lebensmittelsicherheit und Veterin\u00e4rwesen (BLV) empfiehlt, das betroffene Produkt nicht zu konsumieren. Aldi Suisse AG hat das Produkt umgehend aus dem Verkauf genommen und einen R\u00fcckruf gestartet.<\/p><\/div><\/li><\/ul> <\/div><style type=\"text\/css\" media=\"all\">.feedzy-rss .rss_item .rss_image{float:left;position:relative;border:none;text-decoration:none;max-width:100%}.feedzy-rss .rss_item .rss_image span{display:inline-block;position:absolute;width:100%;height:100%;background-position:50%;background-size:cover}.feedzy-rss .rss_item .rss_image{margin:.3em 1em 0 0;content-visibility:auto}.feedzy-rss ul{list-style:none}.feedzy-rss ul li{display:inline-block}<\/style>","protected":false},"excerpt":{"rendered":"","protected":false},"author":1,"featured_media":0,"parent":0,"menu_order":0,"comment_status":"closed","ping_status":"closed","template":"","meta":{"_gspb_post_css":"","om_disable_all_campaigns":false,"_eb_attr":"","_monsterinsights_skip_tracking":false,"_monsterinsights_sitenote_active":false,"_monsterinsights_sitenote_note":"","_monsterinsights_sitenote_category":0,"footnotes":""},"class_list":["post-530","page","type-page","status-publish","hentry"],"aioseo_notices":[],"_links":{"self":[{"href":"https:\/\/schweiz.media\/index.php\/wp-json\/wp\/v2\/pages\/530","targetHints":{"allow":["GET"]}}],"collection":[{"href":"https:\/\/schweiz.media\/index.php\/wp-json\/wp\/v2\/pages"}],"about":[{"href":"https:\/\/schweiz.media\/index.php\/wp-json\/wp\/v2\/types\/page"}],"author":[{"embeddable":true,"href":"https:\/\/schweiz.media\/index.php\/wp-json\/wp\/v2\/users\/1"}],"replies":[{"embeddable":true,"href":"https:\/\/schweiz.media\/index.php\/wp-json\/wp\/v2\/comments?post=530"}],"version-history":[{"count":5,"href":"https:\/\/schweiz.media\/index.php\/wp-json\/wp\/v2\/pages\/530\/revisions"}],"predecessor-version":[{"id":741,"href":"https:\/\/schweiz.media\/index.php\/wp-json\/wp\/v2\/pages\/530\/revisions\/741"}],"wp:attachment":[{"href":"https:\/\/schweiz.media\/index.php\/wp-json\/wp\/v2\/media?parent=530"}],"curies":[{"name":"wp","href":"https:\/\/api.w.org\/{rel}","templated":true}]}}