{"id":512,"date":"2022-12-11T21:16:35","date_gmt":"2022-12-11T21:16:35","guid":{"rendered":"http:\/\/schweiz.media\/?page_id=512"},"modified":"2022-12-11T21:16:41","modified_gmt":"2022-12-11T21:16:41","slug":"wallstreet-online","status":"publish","type":"page","link":"https:\/\/schweiz.media\/index.php\/wallstreet-online\/","title":{"rendered":"Wallstreet online"},"content":{"rendered":"<div class=\"feedzy-efce7e13ece860b4617b16d780d0a0d7 feedzy-rss\"><div class=\"rss_header\"><h2><a href=\"https:\/\/www.wallstreet-online.de\/\" class=\"rss_title\" rel=\"noopener\">Nachrichten Ticker &#8211; www.wallstreet-online.de<\/a> <span class=\"rss_description\"> www.wallstreet-online.de bietet umfangreiche Finanznachrichten zum weltweiten B\u00f6rsengeschehen<\/span><\/h2><\/div><ul><li  style=\"padding: 15px 0 25px\" class=\"rss_item\"><span class=\"title\"><a href=\"https:\/\/www.wallstreet-online.de\/nachricht\/20881242-zahlen-da-poet-technologies-landet-mega-deal-aktie-spielt-verrueckt\" target=\"_blank\" rel=\" noopener\">Jetzt sind auch die Zahlen da: POET Technologies landet Mega-Deal: Und die Aktie spielt verr\u00fcckt<\/a><\/span><div class=\"rss_content\" style=\"\"><small>on May 15, 2026 at 11:15 am <\/small><p>POET Technologies verdreifacht den Umsatz, die Aktie explodiert nach einem vielversprechenden Auftrag. Doch unterm Strich stehen aktuell noch Verluste. Was steckt hinter dem neues KI-Hpye-Wert?<\/p><\/div><\/li><li  style=\"padding: 15px 0 25px\" class=\"rss_item\"><span class=\"title\"><a href=\"https:\/\/www.wallstreet-online.de\/nachricht\/20880285-aktie-springt-an-2-milliarden-us-dollar-2-000-jobs-toyota-usa-angreifen\" target=\"_blank\" rel=\" noopener\">Aktie springt an: 2 Milliarden US-Dollar, 2.000 Jobs? Toyota will in den USA angreifen<\/a><\/span><div class=\"rss_content\" style=\"\"><small>on May 15, 2026 at 10:30 am <\/small><p>Toyota will in den USA einen Gang h\u00f6her schalten. Ein m\u00f6glicher 2-Milliarden-US-Dollar-Plan in Texas sorgt an der B\u00f6rse f\u00fcr Fantasie.<\/p><\/div><\/li><li  style=\"padding: 15px 0 25px\" class=\"rss_item\"><span class=\"title\"><a href=\"https:\/\/www.wallstreet-online.de\/nachricht\/20881236-bitcoin-koennte-historisch-werden\" target=\"_blank\" rel=\" noopener\">Bitcoin: DAS K\u00d6NNTE HISTORISCH WERDEN!!!<\/a><\/span><div class=\"rss_content\" style=\"\"><small>on May 15, 2026 at 9:56 am <\/small><p>In dieser Ausgabe sprechen wir ausf\u00fchrlich mit AnFin dar\u00fcber, welche Marken f\u00fcr Bitcoin, Ethereum und den gesamten Kryptomarkt jetzt entscheidend werden<\/p><\/div><\/li><li  style=\"padding: 15px 0 25px\" class=\"rss_item\"><span class=\"title\"><a href=\"https:\/\/www.wallstreet-online.de\/nachricht\/20880219-treffen-peking-trump-xi-jinping-kuschelkurs-ergebnisse\" target=\"_blank\" rel=\" noopener\">Treffen in Peking: Trump und Xi Jinping auf Kuschelkurs: Was sind die Ergebnisse?<\/a><\/span><div class=\"rss_content\" style=\"\"><small>on May 15, 2026 at 9:45 am <\/small><p>Wenig offizielle Ergebnisse sind bis jetzt bekannt zu dem Treffen zwischen Trump Xi. Was auff\u00e4llt: Beide \u00fcben sich in Harmonie.<\/p><\/div><\/li><li  style=\"padding: 15px 0 25px\" class=\"rss_item\"><span class=\"title\"><a href=\"https:\/\/www.wallstreet-online.de\/nachricht\/20880585-kurse-rutschen-bodenlose-inflationsarmageddon-laesst-asiens-boersen-abstuerzen\" target=\"_blank\" rel=\" noopener\">Kurse rutschen ins Bodenlose: Inflationsarmageddon l\u00e4sst Asiens B\u00f6rsen abst\u00fcrzen!<\/a><\/span><div class=\"rss_content\" style=\"\"><small>on May 15, 2026 at 8:58 am <\/small><p>Asiatische Indizes verzeichneten vor dem Wochenende heftige Kursverluste. Grund hierf\u00fcr sind ersch\u00fctternde Inflationsdaten und steigende Anleiherenditen.<\/p><\/div><\/li><\/ul> <\/div><style type=\"text\/css\" media=\"all\">.feedzy-rss .rss_item .rss_image{float:left;position:relative;border:none;text-decoration:none;max-width:100%}.feedzy-rss .rss_item .rss_image span{display:inline-block;position:absolute;width:100%;height:100%;background-position:50%;background-size:cover}.feedzy-rss .rss_item .rss_image{margin:.3em 1em 0 0;content-visibility:auto}.feedzy-rss ul{list-style:none}.feedzy-rss ul li{display:inline-block}<\/style>","protected":false},"excerpt":{"rendered":"","protected":false},"author":1,"featured_media":0,"parent":0,"menu_order":0,"comment_status":"closed","ping_status":"closed","template":"","meta":{"_gspb_post_css":"","om_disable_all_campaigns":false,"_eb_attr":"","_monsterinsights_skip_tracking":false,"_monsterinsights_sitenote_active":false,"_monsterinsights_sitenote_note":"","_monsterinsights_sitenote_category":0,"footnotes":""},"class_list":["post-512","page","type-page","status-publish","hentry"],"aioseo_notices":[],"_links":{"self":[{"href":"https:\/\/schweiz.media\/index.php\/wp-json\/wp\/v2\/pages\/512","targetHints":{"allow":["GET"]}}],"collection":[{"href":"https:\/\/schweiz.media\/index.php\/wp-json\/wp\/v2\/pages"}],"about":[{"href":"https:\/\/schweiz.media\/index.php\/wp-json\/wp\/v2\/types\/page"}],"author":[{"embeddable":true,"href":"https:\/\/schweiz.media\/index.php\/wp-json\/wp\/v2\/users\/1"}],"replies":[{"embeddable":true,"href":"https:\/\/schweiz.media\/index.php\/wp-json\/wp\/v2\/comments?post=512"}],"version-history":[{"count":1,"href":"https:\/\/schweiz.media\/index.php\/wp-json\/wp\/v2\/pages\/512\/revisions"}],"predecessor-version":[{"id":513,"href":"https:\/\/schweiz.media\/index.php\/wp-json\/wp\/v2\/pages\/512\/revisions\/513"}],"wp:attachment":[{"href":"https:\/\/schweiz.media\/index.php\/wp-json\/wp\/v2\/media?parent=512"}],"curies":[{"name":"wp","href":"https:\/\/api.w.org\/{rel}","templated":true}]}}