{"id":508,"date":"2022-12-11T00:45:44","date_gmt":"2022-12-11T00:45:44","guid":{"rendered":"http:\/\/schweiz.media\/?page_id=508"},"modified":"2022-12-11T00:46:24","modified_gmt":"2022-12-11T00:46:24","slug":"spiegel-wirtschaft","status":"publish","type":"page","link":"https:\/\/schweiz.media\/index.php\/spiegel-wirtschaft\/","title":{"rendered":"Spiegel-Wirtschaft"},"content":{"rendered":"<div class=\"feedzy-d9c57140f98ec1b6e9e73d95c8396f66 feedzy-rss\"><div class=\"rss_header\"><h2><a href=\"https:\/\/www.spiegel.de\/\" class=\"rss_title\" rel=\"noopener\">DER SPIEGEL &#8211; Wirtschaft<\/a> <span class=\"rss_description\"> Deutschlands f\u00fchrende Nachrichtenseite. Alles Wichtige aus Politik, Wirtschaft, Sport, Kultur, Wissenschaft, Technik und mehr.<\/span><\/h2><\/div><ul><li  style=\"padding: 15px 0 25px\" class=\"rss_item\"><div class=\"rss_image\" style=\"height:150px;width:150px;\"><a href=\"https:\/\/www.spiegel.de\/wirtschaft\/unternehmen\/biontech-experte-warnt-nach-biontech-rueckzug-vor-versorgungsengpaessen-im-krisenfall-a-cb44e539-924e-4678-8a59-7ee09793f9fc#ref=rss\" target=\"_blank\" rel=\" noopener\" title=\"Biontech: Experte warnt nach Biontech-R\u00fcckzug vor Versorgungsengp\u00e4ssen im Krisenfall\" style=\"height:150px;width:150px;\"><img decoding=\"async\" src=\"https:\/\/cdn.prod.www.spiegel.de\/images\/b12218b5-af8b-4e5f-8b43-846b36a46889_w520_r2.08_fpx44.65_fpy44.99.jpg\" title=\"Biontech: Experte warnt nach Biontech-R\u00fcckzug vor Versorgungsengp\u00e4ssen im Krisenfall\" style=\"height:150px;width:150px;\"><\/a><\/div><span class=\"title\"><a href=\"https:\/\/www.spiegel.de\/wirtschaft\/unternehmen\/biontech-experte-warnt-nach-biontech-rueckzug-vor-versorgungsengpaessen-im-krisenfall-a-cb44e539-924e-4678-8a59-7ee09793f9fc#ref=rss\" target=\"_blank\" rel=\" noopener\">Biontech: Experte warnt nach Biontech-R\u00fcckzug vor Versorgungsengp\u00e4ssen im Krisenfall<\/a><\/span><div class=\"rss_content\" style=\"\"><small>on May 6, 2026 at 9:05 am <\/small><p>Der Bund m\u00fcsse pr\u00fcfen, ob auch ohne die Standorte des Pharmaunternehmens noch gen\u00fcgend Impfstoff produziert werden k\u00f6nne, fordert Sebastian Dullien. Im Zweifelsfall brauche es Subventionen.<\/p><\/div><\/li><li  style=\"padding: 15px 0 25px\" class=\"rss_item\"><div class=\"rss_image\" style=\"height:150px;width:150px;\"><a href=\"https:\/\/www.spiegel.de\/wirtschaft\/unternehmen\/biontech-schliesst-standorte-in-deutschland-1860-stellen-in-gefahr-a-21bcb7ab-5987-4bf1-a00d-7e7e8dbb46f7#ref=rss\" target=\"_blank\" rel=\" noopener\" title=\"Biontech schlie\u00dft Standorte in Deutschland: 1860 Stellen in Gefahr\" style=\"height:150px;width:150px;\"><img decoding=\"async\" src=\"https:\/\/cdn.prod.www.spiegel.de\/images\/e4dd292b-b30b-40ef-91b8-0cf0128d4fa2_w520_r2.08_fpx61.9_fpy44.98.jpg\" title=\"Biontech schlie\u00dft Standorte in Deutschland: 1860 Stellen in Gefahr\" style=\"height:150px;width:150px;\"><\/a><\/div><span class=\"title\"><a href=\"https:\/\/www.spiegel.de\/wirtschaft\/unternehmen\/biontech-schliesst-standorte-in-deutschland-1860-stellen-in-gefahr-a-21bcb7ab-5987-4bf1-a00d-7e7e8dbb46f7#ref=rss\" target=\"_blank\" rel=\" noopener\">Biontech schlie\u00dft Standorte in Deutschland: 1860 Stellen in Gefahr<\/a><\/span><div class=\"rss_content\" style=\"\"><small>on May 5, 2026 at 11:02 am <\/small><p>Das Mainzer Vorzeigeunternehmen Biontech muss sparen, es schlie\u00dft seine Produktion in Marburg und Idar-Oberstein. Die Corona-Impfstoffherstellung, f\u00fcr die Biontech weltweit bekannt wurde, wird in Deutschland eingestellt.<\/p><\/div><\/li><li  style=\"padding: 15px 0 25px\" class=\"rss_item\"><div class=\"rss_image\" style=\"height:150px;width:150px;\"><a href=\"https:\/\/www.spiegel.de\/wirtschaft\/unternehmen\/commerzbank-uebernahme-unicredit-aktionaere-stimmen-kapitalerhoehung-zu-a-0dbb1063-7ac2-480c-8e20-aa45041106ec#ref=rss\" target=\"_blank\" rel=\" noopener\" title=\"Commerzbank-\u00dcbernahme: UniCredit-Aktion\u00e4re stimmen Kapitalerh\u00f6hung zu\" style=\"height:150px;width:150px;\"><img decoding=\"async\" src=\"https:\/\/cdn.prod.www.spiegel.de\/images\/d7e63c09-91ba-4069-b64c-5d441f21cac4_w520_r2.08_fpx33.33_fpy49.99.jpg\" title=\"Commerzbank-\u00dcbernahme: UniCredit-Aktion\u00e4re stimmen Kapitalerh\u00f6hung zu\" style=\"height:150px;width:150px;\"><\/a><\/div><span class=\"title\"><a href=\"https:\/\/www.spiegel.de\/wirtschaft\/unternehmen\/commerzbank-uebernahme-unicredit-aktionaere-stimmen-kapitalerhoehung-zu-a-0dbb1063-7ac2-480c-8e20-aa45041106ec#ref=rss\" target=\"_blank\" rel=\" noopener\">Commerzbank-\u00dcbernahme: UniCredit-Aktion\u00e4re stimmen Kapitalerh\u00f6hung zu<\/a><\/span><div class=\"rss_content\" style=\"\"><small>on May 4, 2026 at 11:27 am <\/small><p>Die Commerzbank k\u00e4mpft gegen eine \u00dcbernahme durch UniCredit. Doch die italienische Bank treibt ihre Pl\u00e4ne voran. Nun hat sie die Zustimmung der Aktion\u00e4re f\u00fcr die n\u00f6tige Kapitalerh\u00f6hung erhalten.<\/p><\/div><\/li><li  style=\"padding: 15px 0 25px\" class=\"rss_item\"><div class=\"rss_image\" style=\"height:150px;width:150px;\"><a href=\"https:\/\/www.spiegel.de\/wirtschaft\/unternehmen\/rewe-chef-lionel-souque-an-nutella-verdienen-wir-mehr-am-ja-schokoaufstrich-a-d64f1363-c59f-4332-b8bb-6e6dd08fa97a#ref=rss\" target=\"_blank\" rel=\" noopener\" title=\"Rewe-Chef Lionel Souque: \u00bbAn Nutella verdienen wir mehr als am ja!-Schokoaufstrich\u00ab\" style=\"height:150px;width:150px;\"><img decoding=\"async\" src=\"https:\/\/cdn.prod.www.spiegel.de\/images\/08bef465-67e1-4be3-8555-2d0ee6013cac_w520_r2.08_fpx36_fpy52.jpg\" title=\"Rewe-Chef Lionel Souque: \u00bbAn Nutella verdienen wir mehr als am ja!-Schokoaufstrich\u00ab\" style=\"height:150px;width:150px;\"><\/a><\/div><span class=\"title\"><a href=\"https:\/\/www.spiegel.de\/wirtschaft\/unternehmen\/rewe-chef-lionel-souque-an-nutella-verdienen-wir-mehr-am-ja-schokoaufstrich-a-d64f1363-c59f-4332-b8bb-6e6dd08fa97a#ref=rss\" target=\"_blank\" rel=\" noopener\">Rewe-Chef Lionel Souque: \u00bbAn Nutella verdienen wir mehr als am ja!-Schokoaufstrich\u00ab<\/a><\/span><div class=\"rss_content\" style=\"\"><small>on May 4, 2026 at 9:07 am <\/small><p>Schwappt die Inflationswelle in die Superm\u00e4rkte? Rewe-Chef Lionel Souque sagt, wie seine Kunden auf die vielen Krisen reagieren und wie sich eine niedrigere Mehrwertsteuer auswirken w\u00fcrde.<\/p><\/div><\/li><li  style=\"padding: 15px 0 25px\" class=\"rss_item\"><div class=\"rss_image\" style=\"height:150px;width:150px;\"><a href=\"https:\/\/www.spiegel.de\/wirtschaft\/unternehmen\/autoindustrie-meldet-schlechte-stimmung-und-fehlende-vorprodukte-a-66b421f0-288a-44eb-8935-3fd1c16f1cff#ref=rss\" target=\"_blank\" rel=\" noopener\" title=\"VW, BMW, Audi und Co.: Autoindustrie meldet schlechte Stimmung und fehlende Vorprodukte\" style=\"height:150px;width:150px;\"><img decoding=\"async\" src=\"https:\/\/cdn.prod.www.spiegel.de\/images\/916aecb4-e8c2-4d88-aa91-643ebd28dea5_w520_r2.08_fpx46_fpy54.98.jpg\" title=\"VW, BMW, Audi und Co.: Autoindustrie meldet schlechte Stimmung und fehlende Vorprodukte\" style=\"height:150px;width:150px;\"><\/a><\/div><span class=\"title\"><a href=\"https:\/\/www.spiegel.de\/wirtschaft\/unternehmen\/autoindustrie-meldet-schlechte-stimmung-und-fehlende-vorprodukte-a-66b421f0-288a-44eb-8935-3fd1c16f1cff#ref=rss\" target=\"_blank\" rel=\" noopener\">VW, BMW, Audi und Co.: Autoindustrie meldet schlechte Stimmung und fehlende Vorprodukte<\/a><\/span><div class=\"rss_content\" style=\"\"><small>on May 4, 2026 at 7:31 am <\/small><p>Donald Trumps neue Zollank\u00fcndigung trifft auf eine ohnehin pessimistische deutsche Autoindustrie, wie eine Ifo-Umfrage zeigt. Hinzu kommt Materialknappheit infolge des Irankriegs.<\/p><\/div><\/li><\/ul> <\/div><style type=\"text\/css\" media=\"all\">.feedzy-rss .rss_item .rss_image{float:left;position:relative;border:none;text-decoration:none;max-width:100%}.feedzy-rss .rss_item .rss_image span{display:inline-block;position:absolute;width:100%;height:100%;background-position:50%;background-size:cover}.feedzy-rss .rss_item .rss_image{margin:.3em 1em 0 0;content-visibility:auto}.feedzy-rss ul{list-style:none}.feedzy-rss ul li{display:inline-block}<\/style>","protected":false},"excerpt":{"rendered":"","protected":false},"author":1,"featured_media":0,"parent":0,"menu_order":0,"comment_status":"closed","ping_status":"closed","template":"","meta":{"_gspb_post_css":"","om_disable_all_campaigns":false,"_eb_attr":"","_monsterinsights_skip_tracking":false,"_monsterinsights_sitenote_active":false,"_monsterinsights_sitenote_note":"","_monsterinsights_sitenote_category":0,"footnotes":""},"class_list":["post-508","page","type-page","status-publish","hentry"],"aioseo_notices":[],"_links":{"self":[{"href":"https:\/\/schweiz.media\/index.php\/wp-json\/wp\/v2\/pages\/508","targetHints":{"allow":["GET"]}}],"collection":[{"href":"https:\/\/schweiz.media\/index.php\/wp-json\/wp\/v2\/pages"}],"about":[{"href":"https:\/\/schweiz.media\/index.php\/wp-json\/wp\/v2\/types\/page"}],"author":[{"embeddable":true,"href":"https:\/\/schweiz.media\/index.php\/wp-json\/wp\/v2\/users\/1"}],"replies":[{"embeddable":true,"href":"https:\/\/schweiz.media\/index.php\/wp-json\/wp\/v2\/comments?post=508"}],"version-history":[{"count":2,"href":"https:\/\/schweiz.media\/index.php\/wp-json\/wp\/v2\/pages\/508\/revisions"}],"predecessor-version":[{"id":510,"href":"https:\/\/schweiz.media\/index.php\/wp-json\/wp\/v2\/pages\/508\/revisions\/510"}],"wp:attachment":[{"href":"https:\/\/schweiz.media\/index.php\/wp-json\/wp\/v2\/media?parent=508"}],"curies":[{"name":"wp","href":"https:\/\/api.w.org\/{rel}","templated":true}]}}